{"id":3499,"date":"2015-06-05T10:39:38","date_gmt":"2015-06-05T10:39:38","guid":{"rendered":"http:\/\/cicap.miwp.eu\/?page_id=3499"},"modified":"2015-06-05T10:39:38","modified_gmt":"2015-06-05T10:39:38","slug":"organizacion","status":"publish","type":"page","link":"https:\/\/cicap.umh.es\/en\/organizacion\/","title":{"rendered":"ORGANIZACION"},"content":{"rendered":"[vc_row][vc_column][vc_column_text]Organiza la Titulaci\u00f3n de Comunicaci\u00f3n Audiovisual\u00a0de la Facultad de Ciencias Sociales y Jur\u00eddicas de Elche.\u00a0Universidad Miguel Hern\u00e1ndez de Elche.[\/vc_column_text][\/vc_column][\/vc_row][vc_row][vc_column][vc_column_text]<div class=\"space\" style=\"height:50px;\"><\/div>[\/vc_column_text][\/vc_column][\/vc_row][vc_row][vc_column][vc_column_text title=&#8221;Direcci\u00f3n CICAP 2016&#8243;]Montserrat Jurado Mart\u00edn<br \/>\nFrancisco Juli\u00e1n Mart\u00ednez Cano<\/p>\n<p>Universidad Miguel Hern\u00e1ndez de Elche[\/vc_column_text][\/vc_column][\/vc_row][vc_row][vc_column][vc_column_text]<div class=\"space\" style=\"height:50px;\"><\/div>[\/vc_column_text][\/vc_column][\/vc_row][vc_row row_bg=&#8221;image&#8221; bg_image=&#8221;3561&#8243;][vc_column][\/vc_column][\/vc_row][vc_row][vc_column][vc_column_text]<div class=\"space\" style=\"height:50px;\"><\/div>[\/vc_column_text][\/vc_column][\/vc_row][vc_row][vc_column][vc_column_text title=&#8221;Comit\u00e9 organizador&#8221;]Ram\u00f3n C\u00e1novas Galvany (UMH)<br \/>\nRoc\u00edo Cifuentes Albeza (UMH)<br \/>\nElpidio del Campo Ca\u00f1izares (UMH)<br \/>\nSalvador R. Giner Llopis (UMH)<br \/>\nBego\u00f1a Ivars Nicol\u00e1s (UMH)<br \/>\nIgnacio Lara Jornet (UMH)<br \/>\nCristina L\u00f3pez S\u00e1nchez (UMH)<br \/>\nMario Pa\u00fal Mart\u00ednez Fabre (UMH)<br \/>\nCarmen Ponce L\u00f3pez (UMH)<br \/>\nEmilio Rosell\u00f3 Tormo (UMH)<br \/>\nAntonio Sempere Bernal (UMH)<br \/>\nLe\u00f3nidas Spinelli Capel (UMH)<br \/>\nMar\u00eda Teresa Zaragoza (UMH)[\/vc_column_text][\/vc_column][\/vc_row][vc_row][vc_column][vc_column_text]<div class=\"space\" style=\"height:50px;\"><\/div>[\/vc_column_text][\/vc_column][\/vc_row][vc_row row_bg=&#8221;image&#8221; bg_image=&#8221;3561&#8243;][vc_column][\/vc_column][\/vc_row][vc_row][vc_column][vc_column_text]<div class=\"space\" style=\"height:50px;\"><\/div>[\/vc_column_text][\/vc_column][\/vc_row][vc_row][vc_column][vc_column_text title=&#8221;Comit\u00e9 cient\u00edfico&#8221;]Ram\u00f3n Calvo Ferrer (Universidad Cat\u00f3lica de Murcia, Espa\u00f1a)<br \/>\nConcepci\u00f3n Cascajosa Virino (Universidad Carlos III de Madrid, Espa\u00f1a)<br \/>\nDavid Cenik (Charles University of Prague and Film And TV School of Academy of Performing Arts in Prague, FAMU, Rep\u00fablica Checa)<br \/>\nRoc\u00edo Cifuentes Albeza\u00a0(Universidad Miguel Hern\u00e1ndez de Elche, Espa\u00f1a)<br \/>\nElpidio del Campo Ca\u00f1izares (Universidad Miguel Hern\u00e1ndez de Elche, Espa\u00f1a)<br \/>\nEstela Sol\u00eds\u00a0(Universidad Aut\u00f3noma de Baja California, M\u00e9xico)<br \/>\nMarina Estela Gra\u00e7a (Universidade do Algarve, Portugal)<br \/>\nMaria del Mar Grand\u00edo P\u00e9rez (Universidad de Murcia, Espa\u00f1a)<br \/>\nBego\u00f1a Ivars Nicol\u00e1s (Universidad Miguel Hern\u00e1ndez de Elche, Espa\u00f1a)<br \/>\nMontserrat Jurado Mart\u00edn (Universidad Miguel Hern\u00e1ndez de Elche, Espa\u00f1a)<br \/>\nLucy Leake (Plymouth College of Art)<br \/>\nRafael Linares Palomar (Universidad Rey Juan Carlos)<br \/>\nGerm\u00e1n Llorca-Abad (Universidad de Valencia, Espa\u00f1a)<br \/>\nFrancisco Juli\u00e1n Mart\u00ednez Cano\u00a0(Universidad Miguel Hern\u00e1ndez de Elche, Espa\u00f1a)<br \/>\nJoao Manuel Messias Canavilhas (Universidade da Beira Interior, Portugal)<br \/>\nDaniel Narv\u00e1ez (Universidad de Burgos, Espa\u00f1a)<br \/>\nManuel Nicol\u00e1s Meseguer (Universidad de Murcia, Espa\u00f1a)<br \/>\nEmilio Rosell\u00f3 Tormo (Universidad Miguel Hern\u00e1ndez de Elche, Espa\u00f1a)<br \/>\nJes\u00fas Adolfo Soto Curiel (Universidad Aut\u00f3noma de Baja California, M\u00e9xico)<br \/>\nGregory Stallins (Brigham Young University, Provo, Utah, USA)<br \/>\nRoberto Von Sprecher (Universidad Nacional de C\u00f3rdoba, Argentina)[\/vc_column_text][\/vc_column][\/vc_row][vc_row][vc_column][vc_column_text]<div class=\"space\" style=\"height:50px;\"><\/div>[\/vc_column_text][\/vc_column][\/vc_row][vc_row row_bg=&#8221;image&#8221; bg_image=&#8221;3561&#8243;][vc_column][\/vc_column][\/vc_row][vc_row][vc_column][\/vc_column][\/vc_row][vc_row][vc_column][vc_column_text]<div class=\"space\" style=\"height:50px;\"><\/div>[\/vc_column_text][\/vc_column][\/vc_row]\n","protected":false},"excerpt":{"rendered":"<p>[vc_row][vc_column][vc_column_text]Organiza la Titulaci\u00f3n de Comunicaci\u00f3n Audiovisual\u00a0de la Facultad de Ciencias Sociales y Jur\u00eddicas de Elche.\u00a0Universidad Miguel Hern\u00e1ndez de Elche.[\/vc_column_text][\/vc_column][\/vc_row][vc_row][vc_column][vc_column_text][\/vc_column_text][\/vc_column][\/vc_row][vc_row][vc_column][vc_column_text title=&#8221;Direcci\u00f3n CICAP 2016&#8243;]Montserrat Jurado Mart\u00edn Francisco Juli\u00e1n Mart\u00ednez Cano Universidad Miguel Hern\u00e1ndez de Elche[\/vc_column_text][\/vc_column][\/vc_row][vc_row][vc_column][vc_column_text][\/vc_column_text][\/vc_column][\/vc_row][vc_row row_bg=&#8221;image&#8221; bg_image=&#8221;3561&#8243;][vc_column][\/vc_column][\/vc_row][vc_row][vc_column][vc_column_text][\/vc_column_text][\/vc_column][\/vc_row][vc_row][vc_column][vc_column_text title=&#8221;Comit\u00e9 organizador&#8221;]Ram\u00f3n C\u00e1novas Galvany (UMH) Roc\u00edo Cifuentes Albeza (UMH) Elpidio del Campo Ca\u00f1izares (UMH) Salvador R. Giner Llopis (UMH) Bego\u00f1a Ivars Nicol\u00e1s (UMH) Ignacio Lara Jornet (UMH) Cristina L\u00f3pez S\u00e1nchez (UMH) Mario Pa\u00fal Mart\u00ednez Fabre (UMH) Carmen Ponce L\u00f3pez (UMH) Emilio Rosell\u00f3 Tormo (UMH) Antonio Sempere Bernal (UMH) Le\u00f3nidas Spinelli Capel (UMH) Mar\u00eda Teresa Zaragoza (UMH)[\/vc_column_text][\/vc_column][\/vc_row][vc_row][vc_column][vc_column_text][\/vc_column_text][\/vc_column][\/vc_row][vc_row row_bg=&#8221;image&#8221; bg_image=&#8221;3561&#8243;][vc_column][\/vc_column][\/vc_row][vc_row][vc_column][vc_column_text][\/vc_column_text][\/vc_column][\/vc_row][vc_row][vc_column][vc_column_text title=&#8221;Comit\u00e9 cient\u00edfico&#8221;]Ram\u00f3n Calvo Ferrer (Universidad Cat\u00f3lica de [&hellip;]<\/p>\n","protected":false},"author":790,"featured_media":0,"parent":0,"menu_order":0,"comment_status":"closed","ping_status":"closed","template":"","meta":{"_links_to":"","_links_to_target":""},"_links":{"self":[{"href":"https:\/\/cicap.umh.es\/en\/wp-json\/wp\/v2\/pages\/3499"}],"collection":[{"href":"https:\/\/cicap.umh.es\/en\/wp-json\/wp\/v2\/pages"}],"about":[{"href":"https:\/\/cicap.umh.es\/en\/wp-json\/wp\/v2\/types\/page"}],"author":[{"embeddable":true,"href":"https:\/\/cicap.umh.es\/en\/wp-json\/wp\/v2\/users\/790"}],"replies":[{"embeddable":true,"href":"https:\/\/cicap.umh.es\/en\/wp-json\/wp\/v2\/comments?post=3499"}],"version-history":[{"count":0,"href":"https:\/\/cicap.umh.es\/en\/wp-json\/wp\/v2\/pages\/3499\/revisions"}],"wp:attachment":[{"href":"https:\/\/cicap.umh.es\/en\/wp-json\/wp\/v2\/media?parent=3499"}],"curies":[{"name":"wp","href":"https:\/\/api.w.org\/{rel}","templated":true}]}}