{"id":3559,"date":"2015-06-12T10:14:07","date_gmt":"2015-06-12T10:14:07","guid":{"rendered":"http:\/\/cicap.miwp.eu\/?page_id=3559"},"modified":"2015-06-12T10:14:07","modified_gmt":"2015-06-12T10:14:07","slug":"sobre-el-congreso-cicap-2016","status":"publish","type":"page","link":"https:\/\/cicap.umh.es\/en\/sobre-el-congreso-cicap-2016\/","title":{"rendered":"SOBRE EL CONGRESO CICAP 2016"},"content":{"rendered":"[vc_row][vc_column][vc_column_text title=&#8221;Sobre el Congreso CICAP IV&#8221;]En 2016 el Congreso Internacional de Comunicaci\u00f3n Audiovisual y Publicidad, CICAP IV, \u00a0tiene por t\u00edtulo\u00a0Estrategias para la promoci\u00f3n y difusi\u00f3n del cortometraje<em>.<\/em><\/p>\n<p><strong>Fechas y lugar del encuentro<\/strong><br \/>\nEl evento se realizar\u00e1 los d\u00edas 19 y 20 de Octubre en la Universidad Miguel Hern\u00e1ndez de Elche.<\/p>\n<p><strong>Dirigido a<\/strong><br \/>\nEstudiantes de Comunicaci\u00f3n Audiovisual, Bellas Artes y Periodismo, as\u00ed como a profesores, investigadores y profesionales relacionados con el \u00e1mbito de la comunicaci\u00f3n audiovisual.[\/vc_column_text][\/vc_column][\/vc_row]\n","protected":false},"excerpt":{"rendered":"<p>[vc_row][vc_column][vc_column_text title=&#8221;Sobre el Congreso CICAP IV&#8221;]En 2016 el Congreso Internacional de Comunicaci\u00f3n Audiovisual y Publicidad, CICAP IV, \u00a0tiene por t\u00edtulo\u00a0Estrategias para la promoci\u00f3n y difusi\u00f3n del cortometraje. Fechas y lugar del encuentro El evento se realizar\u00e1 los d\u00edas 19 y 20 de Octubre en la Universidad Miguel Hern\u00e1ndez de Elche. Dirigido a Estudiantes de Comunicaci\u00f3n Audiovisual, Bellas Artes y Periodismo, as\u00ed como a profesores, investigadores y profesionales relacionados con el \u00e1mbito de la comunicaci\u00f3n audiovisual.[\/vc_column_text][\/vc_column][\/vc_row]<\/p>\n","protected":false},"author":790,"featured_media":0,"parent":0,"menu_order":0,"comment_status":"closed","ping_status":"closed","template":"","meta":{"_links_to":"","_links_to_target":""},"_links":{"self":[{"href":"https:\/\/cicap.umh.es\/en\/wp-json\/wp\/v2\/pages\/3559"}],"collection":[{"href":"https:\/\/cicap.umh.es\/en\/wp-json\/wp\/v2\/pages"}],"about":[{"href":"https:\/\/cicap.umh.es\/en\/wp-json\/wp\/v2\/types\/page"}],"author":[{"embeddable":true,"href":"https:\/\/cicap.umh.es\/en\/wp-json\/wp\/v2\/users\/790"}],"replies":[{"embeddable":true,"href":"https:\/\/cicap.umh.es\/en\/wp-json\/wp\/v2\/comments?post=3559"}],"version-history":[{"count":0,"href":"https:\/\/cicap.umh.es\/en\/wp-json\/wp\/v2\/pages\/3559\/revisions"}],"wp:attachment":[{"href":"https:\/\/cicap.umh.es\/en\/wp-json\/wp\/v2\/media?parent=3559"}],"curies":[{"name":"wp","href":"https:\/\/api.w.org\/{rel}","templated":true}]}}