{"id":3564,"date":"2015-06-12T10:19:49","date_gmt":"2015-06-12T10:19:49","guid":{"rendered":"http:\/\/cicap.miwp.eu\/?page_id=3564"},"modified":"2017-10-01T18:18:45","modified_gmt":"2017-10-01T18:18:45","slug":"fechas-clave","status":"publish","type":"page","link":"https:\/\/cicap.umh.es\/en\/fechas-clave\/","title":{"rendered":"FECHAS CLAVE"},"content":{"rendered":"[vc_row][vc_column][vc_column_text]Las fechas clave a recordar relacionadas con el congreso CICAP 2016 son las siguientes:<\/p>\n<p><strong>1 de junio 2016<\/strong><br \/>\nSe abre el plazo para presentar propuestas (res\u00famenes) de comunicaciones.<\/p>\n<p><del><strong>27 julio 2016\u00a0<\/strong><\/del><strong>AMPLIADO PLAZO HASTA EL 5 DE SEPTIEMBRE DE 2016<\/strong><br \/>\nFinaliza el plazo para el env\u00edo de propuestas de comunicaci\u00f3n.<\/p>\n<p><del><strong>Hasta el 30 julio 2016 \u00a0<\/strong><\/del><strong> HASTA EL<\/strong><strong>\u00a09 DE SEPTIEMBRE DE 2016<\/strong><br \/>\nSe notificar\u00e1 a los autores la resoluci\u00f3n sobre las propuestas presentadas y se abre el plazo para el env\u00edo de los textos completos de las comunicaciones.<\/p>\n<p><strong>5\u00a0septiembre 2016<\/strong><br \/>\nSe abre plazo de inscripci\u00f3n y pago para los\u00a0asistentes sin comunicaci\u00f3n y para los participantes con comunicaci\u00f3n aceptada.<\/p>\n<p><del><strong>15 septiembre 2016\u00a0<\/strong><\/del><strong> AMPLIADO EL PLAZO HASTA EL 5 DE OCTUBRE DE 2016<\/strong><br \/>\nTermina el plazo de presentaci\u00f3n de las comunicaciones completas. Termina el plazo de inscripci\u00f3n y pago de los comunicantes.<\/p>\n<p><strong>19 octubre 2016 (por la ma\u00f1ana)<\/strong><br \/>\nTermina la inscripci\u00f3n y pago para los asistentes sin comunicaci\u00f3n.<\/p>\n<p><strong>19 octubre\u00a02016<\/strong><br \/>\nInicio del Congreso.[\/vc_column_text][\/vc_column][\/vc_row][vc_row row_layout=&#8221; fullwidth&#8221; font_color=&#8221; dark&#8221; row_bg=&#8221;image&#8221; bg_image=&#8221;3561&#8243;][vc_column][\/vc_column][\/vc_row]","protected":false},"excerpt":{"rendered":"<p>[vc_row][vc_column][vc_column_text]Las fechas clave a recordar relacionadas con el congreso CICAP 2016 son las siguientes: 1 de junio 2016 Se abre el plazo para presentar propuestas (res\u00famenes) de comunicaciones. 27 julio 2016\u00a0AMPLIADO PLAZO HASTA EL 5 DE SEPTIEMBRE DE 2016 Finaliza el plazo para el env\u00edo de propuestas de comunicaci\u00f3n. Hasta el 30 julio 2016 \u00a0 HASTA EL\u00a09 DE SEPTIEMBRE DE 2016 Se notificar\u00e1 a los autores la resoluci\u00f3n sobre las propuestas presentadas y se abre el plazo para el env\u00edo de los textos completos de las comunicaciones. 5\u00a0septiembre 2016 Se abre plazo de inscripci\u00f3n y pago para los\u00a0asistentes sin comunicaci\u00f3n [&hellip;]<\/p>\n","protected":false},"author":790,"featured_media":0,"parent":0,"menu_order":0,"comment_status":"closed","ping_status":"closed","template":"","meta":{"_links_to":"","_links_to_target":""},"_links":{"self":[{"href":"https:\/\/cicap.umh.es\/en\/wp-json\/wp\/v2\/pages\/3564"}],"collection":[{"href":"https:\/\/cicap.umh.es\/en\/wp-json\/wp\/v2\/pages"}],"about":[{"href":"https:\/\/cicap.umh.es\/en\/wp-json\/wp\/v2\/types\/page"}],"author":[{"embeddable":true,"href":"https:\/\/cicap.umh.es\/en\/wp-json\/wp\/v2\/users\/790"}],"replies":[{"embeddable":true,"href":"https:\/\/cicap.umh.es\/en\/wp-json\/wp\/v2\/comments?post=3564"}],"version-history":[{"count":0,"href":"https:\/\/cicap.umh.es\/en\/wp-json\/wp\/v2\/pages\/3564\/revisions"}],"wp:attachment":[{"href":"https:\/\/cicap.umh.es\/en\/wp-json\/wp\/v2\/media?parent=3564"}],"curies":[{"name":"wp","href":"https:\/\/api.w.org\/{rel}","templated":true}]}}