{"id":3570,"date":"2015-06-12T10:36:28","date_gmt":"2015-06-12T10:36:28","guid":{"rendered":"http:\/\/cicap.miwp.eu\/?page_id=3570"},"modified":"2017-11-07T19:41:56","modified_gmt":"2017-11-07T19:41:56","slug":"inscripcion","status":"publish","type":"page","link":"https:\/\/cicap.umh.es\/en\/inscripcion\/","title":{"rendered":"INSCRIPCI\u00d3N"},"content":{"rendered":"[vc_row][vc_column][vc_column_text title=&#8221;Inscripci\u00f3n CICAP 2016&#8243;]<strong>Derechos de inscripci\u00f3n<\/strong><br \/>\nLa cuota de inscripci\u00f3n incluye la asistencia al congreso, el material derivado del congreso y el certificado de asistencia*.<\/p>\n<p>La asistencia a los talleres est\u00e1 limitada al aforo del espacio en el que se imparten. Para inscribirse en un taller, una vez abonada la inscripci\u00f3n, deber\u00e1 enviar un email a <span style=\"text-decoration: underline\"><a href=\"mailto:mjurado@umh.es\" target=\"_blank\">mjurado@umh.es<\/a>\u00a0<\/span>indicando en el asunto CICAP 2016 y en el contenido su nombre, apellidos, DNI y el taller en el que desea inscribirse.<\/p>\n<p>&#8211; Estudiantes Universidad Miguel Hern\u00e1ndez : 10 \u20ac.<br \/>\n&#8211; Otros estudiantes: 15\u20ac.<br \/>\n-Asistentes asociaciones de la prensa: 25\u20ac<br \/>\n&#8211; Asistentes sin comunicaci\u00f3n: 35\u20ac.<br \/>\n&#8211; Asistentes con comunicaci\u00f3n: 50\u20ac.<\/p>\n<p>*Asistencia y reconocimiento: la asistencia al 80% del congreso se acreditar\u00e1 mediante un certicado de asistencia de 25 horas que se podr\u00e1\u00a0convalidar del siguiente modo: 1 cr\u00e9dito por competencias transversales y profesionales a los estudiantes de t\u00edtulos de Grado y 2 cr\u00e9ditos de libre elecci\u00f3n a\u00a0los estudiantes de Diplomaturas, Licenciaturas, Ingenier\u00edas e Ingenier\u00edas T\u00e9cnicas de la UMH.[\/vc_column_text][vc_column_text]<div class=\"space\" style=\"height:50px;\"><\/div>[\/vc_column_text][\/vc_column][\/vc_row][vc_row row_layout=&#8221; fullwidth&#8221; font_color=&#8221; dark&#8221; row_bg=&#8221;image&#8221; bg_image=&#8221;3561&#8243;][vc_column][\/vc_column][\/vc_row][vc_row][vc_column][vc_column_text]<div class=\"space\" style=\"height:50px;\"><\/div>[vc_column_text title=&#8221;Modo de pago&#8221;]El pago debe realizarse a trav\u00e9s de la Web de la Universidad Miguel Hern\u00e1ndez accediendo al siguiente enlace: <span style=\"text-decoration: underline\"><a href=\"http:\/\/www.umh.es\/recibos\" target=\"_blank\">www.umh.es\/recibos<\/a><\/span>.<br \/>\n&#8211; Una vez entre en esa direcci\u00f3n, seleccione el tipo de recibo: Congresos, Jornadas y Conferencias,<br \/>\n&#8211; y, a continuaci\u00f3n, el subtipo: IV Congreso Internacional de Comunicaci\u00f3n Audiovisual y Publicidad: Estrategias de promoci\u00f3n y difusi\u00f3n del cortometraje.<\/p>\n<p>Obtendr\u00e1 un recibo cuyo importe podr\u00e1 abonar a trav\u00e9s de la Web o imprimirlo y pagarlo en las entidades bancarias indicadas.<br \/>\nEs necesario traer el justificante de pago de las tasas del congreso cuando se registre en el mismo.<\/p>\n<p><strong>Plazos<\/strong><br \/>\nEl plazo de inscripci\u00f3n y pago estar\u00e1 abierto hasta el 19 de Octubre de 2016.<br \/>\nPara m\u00e1s informaci\u00f3n:\u00a0<u><a href=\"mailto:francisco.martinezc@umh.es\" target=\"_blank\">francisco.martinezc@umh.es<\/a><\/u>[\/vc_column_text][vc_column_text]<div class=\"space\" style=\"height:50px;\"><\/div>[\/vc_column_text][\/vc_column][\/vc_row][vc_row row_layout=&#8221; fullwidth&#8221; font_color=&#8221; dark&#8221; row_bg=&#8221;image&#8221; bg_image=&#8221;3561&#8243;][vc_column][\/vc_column][\/vc_row]","protected":false},"excerpt":{"rendered":"<p>[vc_row][vc_column][vc_column_text title=&#8221;Inscripci\u00f3n CICAP 2016&#8243;]Derechos de inscripci\u00f3n La cuota de inscripci\u00f3n incluye la asistencia al congreso, el material derivado del congreso y el certificado de asistencia*. La asistencia a los talleres est\u00e1 limitada al aforo del espacio en el que se imparten. Para inscribirse en un taller, una vez abonada la inscripci\u00f3n, deber\u00e1 enviar un email a mjurado@umh.es\u00a0indicando en el asunto CICAP 2016 y en el contenido su nombre, apellidos, DNI y el taller en el que desea inscribirse. &#8211; Estudiantes Universidad Miguel Hern\u00e1ndez : 10 \u20ac. &#8211; Otros estudiantes: 15\u20ac. -Asistentes asociaciones de la prensa: 25\u20ac &#8211; Asistentes sin comunicaci\u00f3n: [&hellip;]<\/p>\n","protected":false},"author":790,"featured_media":0,"parent":0,"menu_order":0,"comment_status":"closed","ping_status":"closed","template":"","meta":{"_links_to":"","_links_to_target":""},"_links":{"self":[{"href":"https:\/\/cicap.umh.es\/en\/wp-json\/wp\/v2\/pages\/3570"}],"collection":[{"href":"https:\/\/cicap.umh.es\/en\/wp-json\/wp\/v2\/pages"}],"about":[{"href":"https:\/\/cicap.umh.es\/en\/wp-json\/wp\/v2\/types\/page"}],"author":[{"embeddable":true,"href":"https:\/\/cicap.umh.es\/en\/wp-json\/wp\/v2\/users\/790"}],"replies":[{"embeddable":true,"href":"https:\/\/cicap.umh.es\/en\/wp-json\/wp\/v2\/comments?post=3570"}],"version-history":[{"count":0,"href":"https:\/\/cicap.umh.es\/en\/wp-json\/wp\/v2\/pages\/3570\/revisions"}],"wp:attachment":[{"href":"https:\/\/cicap.umh.es\/en\/wp-json\/wp\/v2\/media?parent=3570"}],"curies":[{"name":"wp","href":"https:\/\/api.w.org\/{rel}","templated":true}]}}