{"id":3581,"date":"2015-06-15T11:17:12","date_gmt":"2015-06-15T11:17:12","guid":{"rendered":"http:\/\/cicap.miwp.eu\/?page_id=3581"},"modified":"2015-06-15T11:17:12","modified_gmt":"2015-06-15T11:17:12","slug":"envio-resumenes","status":"publish","type":"page","link":"https:\/\/cicap.umh.es\/en\/envio-resumenes\/","title":{"rendered":"ENV\u00cdO RES\u00daMENES (Call for papers)"},"content":{"rendered":"[vc_row row_bg=&#8221;image&#8221; bg_image=&#8221;3561&#8243;][vc_column][\/vc_column][\/vc_row][vc_row][vc_column][vc_column_text]<div class=\"space\" style=\"height:50px;\"><\/div>[vc_column_text]El plazo para la presentaci\u00f3n de <strong>ABSTRACTS<\/strong> est\u00e1 abierto <del><strong>hasta el 27 de julio de 2016,<\/strong><\/del><strong> PLAZO AMPLIADO\u00a0HASTA EL 5 DE SEPTIEMBRE DE 2016.<\/strong>\u00a0Los res\u00famenes tendr\u00e1n una extensi\u00f3n <strong>entre 150 y 225 palabras<\/strong> e incluir\u00e1n:<\/p>\n<ul>\n<li>T\u00edtulo<\/li>\n<li>Autor(es)<\/li>\n<li>Filiaci\u00f3n: Universidad o centro de investigaci\u00f3n<\/li>\n<li>Correo electr\u00f3nico<\/li>\n<li>L\u00ednea Tem\u00e1tica<\/li>\n<li>Palabras clave (5-6)<\/li>\n<li>Resumen<\/li>\n<\/ul>\n<p>&nbsp;<\/p>\n<p><strong>Procedimiento:<\/strong><\/p>\n<p>Descargar la plantilla para Comunicaciones aqu\u00ed:\u00a0<span style=\"text-decoration: underline\"><a href=\"http:\/\/cicapumh.edu.umh.es\/files\/2016\/05\/Documento-estilo-para-Propuesta-Comunicaci\u00f3n-CICAP2016_.doc\">Documento de estilo para Propuesta Comunicaci\u00f3n CICAP2016<\/a><\/span>.<\/p>\n<p>Trabajar sobre el\u00a0mismo documento y enviarlo cumplimentado a la siguiente direcci\u00f3n de correo:<\/p>\n<p>-\u00c1reas tem\u00e1ticas 1 y 3:\u00a0<a href=\"mailto:francisco.martinezc@umh.es\">francisco.martinezc@umh.es<\/a><\/p>\n<p>-\u00c1reas tem\u00e1ticas 2 y 4:\u00a0<a href=\"mailto:mjurado@umh.es\">mjurado@umh.es<\/a><\/p>\n<p>Indicar en el asunto: Propuesta comunicaci\u00f3n CICAP IV. Se aceptan propuestas en espa\u00f1ol, portugu\u00e9s e ingl\u00e9s. Si el idioma no es ingl\u00e9s, las propuestas de comunicaci\u00f3n deben incluir su traducci\u00f3n en ingl\u00e9s.<\/p>\n<p>Una vez aceptada la comunicaci\u00f3n, se informar\u00e1 al\/los autor\/es antes del 30 de julio. Adem\u00e1s, se proporcionar\u00e1 el modelo de texto para la comunicaci\u00f3n completa y se explicar\u00e1\u00a0el proceso a seguir para enviar la comunicaci\u00f3n completa.<\/p>\n<p>Todas las comunicaciones completas que cumplan las normas se evaluar\u00e1n mediante una revisi\u00f3n ciega por pares por el Comit\u00e9 Cient\u00edfico de CICAP IV con la colaboraci\u00f3n de la Revista Cient\u00edfica Miguel Hern\u00e1ndez Communication Journal (<span style=\"text-decoration: underline\"><a href=\"http:\/\/mhjournal.org\/\" target=\"_blank\">http:\/\/mhjournal.org\/<\/a><\/span>).<\/p>\n<p>Hasta un total de seis comunicaciones, las m\u00e1s relevantes, ser\u00e1n publicadas en la Revista Cient\u00edfica Miguel Hern\u00e1ndez Communication Journal (<span style=\"text-decoration: underline\"><a href=\"http:\/\/mhjournal.org\/\" target=\"_blank\">http:\/\/mhjournal.org\/<\/a><\/span>), indexada en bases de datos de reconocido prestigio en el \u00e1mbito.<\/p>\n<p>Informaci\u00f3n sobre publicaci\u00f3n en revistas cient\u00edficas para acreditaciones de doctorandos y profesores por la ANECA:<\/p>\n<ul>\n<li>Para la figura contractual de Ayudante Doctor se exige 1 art\u00edculo en revista de impacto y 2 indexados.<\/li>\n<li>Para la figura contractual de Contratado Doctor se exigen 2 art\u00edculos en revistas de impacto y 4 indexados.<\/li>\n<\/ul>\n[\/vc_column_text][\/vc_column][\/vc_row][vc_row row_bg=&#8221;image&#8221; bg_image=&#8221;3561&#8243;][vc_column][\/vc_column][\/vc_row][vc_row][vc_column][vc_column_text]\n[\/vc_column_text][\/vc_column][\/vc_row]\n","protected":false},"excerpt":{"rendered":"<p>[vc_row row_bg=&#8221;image&#8221; bg_image=&#8221;3561&#8243;][vc_column][\/vc_column][\/vc_row][vc_row][vc_column][vc_column_text][vc_column_text]El plazo para la presentaci\u00f3n de ABSTRACTS est\u00e1 abierto hasta el 27 de julio de 2016, PLAZO AMPLIADO\u00a0HASTA EL 5 DE SEPTIEMBRE DE 2016.\u00a0Los res\u00famenes tendr\u00e1n una extensi\u00f3n entre 150 y 225 palabras e incluir\u00e1n: T\u00edtulo Autor(es) Filiaci\u00f3n: Universidad o centro de investigaci\u00f3n Correo electr\u00f3nico L\u00ednea Tem\u00e1tica Palabras clave (5-6) Resumen &nbsp; Procedimiento: Descargar la plantilla para Comunicaciones aqu\u00ed:\u00a0Documento de estilo para Propuesta Comunicaci\u00f3n CICAP2016. Trabajar sobre el\u00a0mismo documento y enviarlo cumplimentado a la siguiente direcci\u00f3n de correo: -\u00c1reas tem\u00e1ticas 1 y 3:\u00a0francisco.martinezc@umh.es -\u00c1reas tem\u00e1ticas 2 y 4:\u00a0mjurado@umh.es Indicar en el asunto: Propuesta comunicaci\u00f3n CICAP IV. Se aceptan [&hellip;]<\/p>\n","protected":false},"author":790,"featured_media":0,"parent":0,"menu_order":0,"comment_status":"closed","ping_status":"closed","template":"","meta":{"_links_to":"","_links_to_target":""},"_links":{"self":[{"href":"https:\/\/cicap.umh.es\/en\/wp-json\/wp\/v2\/pages\/3581"}],"collection":[{"href":"https:\/\/cicap.umh.es\/en\/wp-json\/wp\/v2\/pages"}],"about":[{"href":"https:\/\/cicap.umh.es\/en\/wp-json\/wp\/v2\/types\/page"}],"author":[{"embeddable":true,"href":"https:\/\/cicap.umh.es\/en\/wp-json\/wp\/v2\/users\/790"}],"replies":[{"embeddable":true,"href":"https:\/\/cicap.umh.es\/en\/wp-json\/wp\/v2\/comments?post=3581"}],"version-history":[{"count":0,"href":"https:\/\/cicap.umh.es\/en\/wp-json\/wp\/v2\/pages\/3581\/revisions"}],"wp:attachment":[{"href":"https:\/\/cicap.umh.es\/en\/wp-json\/wp\/v2\/media?parent=3581"}],"curies":[{"name":"wp","href":"https:\/\/api.w.org\/{rel}","templated":true}]}}