{"id":3584,"date":"2015-06-15T11:24:07","date_gmt":"2015-06-15T11:24:07","guid":{"rendered":"http:\/\/cicap.miwp.eu\/?page_id=3584"},"modified":"2017-03-20T10:55:46","modified_gmt":"2017-03-20T10:55:46","slug":"areas-tematicas-2016","status":"publish","type":"page","link":"https:\/\/cicap.umh.es\/en\/areas-tematicas-2016\/","title":{"rendered":"\u00c1REAS TEM\u00c1TICAS 2016"},"content":{"rendered":"[vc_row row_bg=&#8221;image&#8221; bg_image=&#8221;3561&#8243;][vc_column][\/vc_column][\/vc_row][vc_row][vc_column][vc_column_text]<div class=\"space\" style=\"height:50px;\"><\/div>[vc_column_text]\n<p>Los investigadores podr\u00e1n presentar propuestas de comunicaci\u00f3n en las siguientes\u00a0\u00e1reas tem\u00e1ticas:<\/p>\n<p><strong>1- Historia y actualidad del cortometraje<\/strong><br \/>\nEl formato del cortometraje tiene una historia que se desarrolla en paralelo a la historia del cine y la propia de la industria cinematogr\u00e1fica. Las productoras derivan sus inversiones no solo a productos comerciales y de ficci\u00f3n, sino que hay m\u00e1s productos que son de inter\u00e9s para ellos, as\u00ed como para el p\u00fablico en general y los investigadores. Tanto en Espa\u00f1a como en todo el mundo, el estudio de la historia del fen\u00f3meno de los cortometrajes ha quedado en una esfera de especializaci\u00f3n y un segundo plano. En este bloque de comunicaciones quiere darse un valor a\u00f1adido a los estudios hist\u00f3ricos y contempor\u00e1neos referidos a la historia que versen sobre los cortometrajes. Tienen cabida conceptos como: historia del cortometraje de ficci\u00f3n, animaci\u00f3n documental desde sus or\u00edgenes en la historia del cine universal como estudios por pa\u00edses, comparativos, etc.<\/p>\n<p><strong>2.- G\u00e9neros propios del cortometraje. <\/strong><br \/>\nEl cortometraje se consolid\u00f3 como formato audiovisual en el basto mundo del largometraje, la publicidad, la ficci\u00f3n, la animaci\u00f3n o el arte. La especializaci\u00f3n en el cortometraje tiene sus m\u00e1s numerosas representaciones y variantes con caracter\u00edsticas y planteamientos propios. Las investigaciones en este \u00e1mbito tienen por objeto valorar y conocer g\u00e9neros propios del cortometraje que realzan \u00e9ste y lo definen por s\u00ed mismo, alej\u00e1ndolo de la imagen de hermano menor del largometraje. Tienen cabida conceptos como: estudios de tem\u00e1ticas y g\u00e9neros, especializaci\u00f3n, herramientas propias, guion, t\u00e9cnicas y recursos del formato, etc.<\/p>\n<p><strong>3- Modelos innovadores para la promoci\u00f3n y difusi\u00f3n del audiovisual. <\/strong><br \/>\nEl gran reto de los trabajos audiovisuales que no resultan de inter\u00e9s para la industria del largometraje ha sido siempre lograr la difusi\u00f3n y promoci\u00f3n de sus trabajos. No obstante no todos tienen el camino hecho: la publicidad, el arte, el dise\u00f1o gr\u00e1fico, son herramientas empleadas para la difusi\u00f3n pero, hoy m\u00e1s que nunca, la creatividad se abre puertas para lograr que los productos audiovisuales lleguen a su audiencia rompiendo fronteras que hasta ahora parec\u00edan infranqueables. Tienen cabida conceptos: crowfunding, redes sociales, internet, nuevas alternativas, creatividad, etc.<\/p>\n<p><strong>4- Los festivales de cine de cortometrajes. <\/strong><br \/>\nEl elefante de los escaparates de los cortometrajes sigue siendo en nuestros d\u00edas el foro que ofrecen festivales de cine y muestras audiovisuales. Algunos de ellos se han convertido en aut\u00e9nticos mercados y catapultas de trabajos tanto de largometrajes como de cortometrajes. En el segundo caso, son fundamentales en muchos casos por su relevancia, difusi\u00f3n, promoci\u00f3n directa e indirecta, etc. Festivales de cine hay muchos y merece la pena analizar el trabajo que de forma individual o colectiva est\u00e1n llevando a cabo, as\u00ed como poner de relieve malas pr\u00e1cticas para evitar el mal uso de un evento de prestigio por parte de entidades que nada aportan a la cultura. En este apartado cr\u00edtico tiene cabida conceptos como: festivales de cine nacionales, internacionales, muestras, concursos y premios con o sin exhibici\u00f3n, festival y cine, festival y pol\u00edtica, funciones de los festivales de cine, el festival como mercado, estudios concretos, etc.<\/p>\n<div class=\"space\" style=\"height:50px;\"><\/div>[vc_column_text][\/vc_column_text][\/vc_column][\/vc_row][vc_row row_bg=&#8221;image&#8221; bg_image=&#8221;3561&#8243;][vc_column][\/vc_column][\/vc_row]\n","protected":false},"excerpt":{"rendered":"<p>[vc_row row_bg=&#8221;image&#8221; bg_image=&#8221;3561&#8243;][vc_column][\/vc_column][\/vc_row][vc_row][vc_column][vc_column_text][vc_column_text] Los investigadores podr\u00e1n presentar propuestas de comunicaci\u00f3n en las siguientes\u00a0\u00e1reas tem\u00e1ticas: 1- Historia y actualidad del cortometraje El formato del cortometraje tiene una historia que se desarrolla en paralelo a la historia del cine y la propia de la industria cinematogr\u00e1fica. Las productoras derivan sus inversiones no solo a productos comerciales y de ficci\u00f3n, sino que hay m\u00e1s productos que son de inter\u00e9s para ellos, as\u00ed como para el p\u00fablico en general y los investigadores. Tanto en Espa\u00f1a como en todo el mundo, el estudio de la historia del fen\u00f3meno de los cortometrajes ha quedado en una [&hellip;]<\/p>\n","protected":false},"author":790,"featured_media":0,"parent":0,"menu_order":0,"comment_status":"closed","ping_status":"closed","template":"","meta":{"_links_to":"","_links_to_target":""},"_links":{"self":[{"href":"https:\/\/cicap.umh.es\/en\/wp-json\/wp\/v2\/pages\/3584"}],"collection":[{"href":"https:\/\/cicap.umh.es\/en\/wp-json\/wp\/v2\/pages"}],"about":[{"href":"https:\/\/cicap.umh.es\/en\/wp-json\/wp\/v2\/types\/page"}],"author":[{"embeddable":true,"href":"https:\/\/cicap.umh.es\/en\/wp-json\/wp\/v2\/users\/790"}],"replies":[{"embeddable":true,"href":"https:\/\/cicap.umh.es\/en\/wp-json\/wp\/v2\/comments?post=3584"}],"version-history":[{"count":0,"href":"https:\/\/cicap.umh.es\/en\/wp-json\/wp\/v2\/pages\/3584\/revisions"}],"wp:attachment":[{"href":"https:\/\/cicap.umh.es\/en\/wp-json\/wp\/v2\/media?parent=3584"}],"curies":[{"name":"wp","href":"https:\/\/api.w.org\/{rel}","templated":true}]}}