{"id":4206,"date":"2016-05-15T13:41:19","date_gmt":"2016-05-15T13:41:19","guid":{"rendered":"http:\/\/cicapumh.net\/?page_id=4206"},"modified":"2017-03-20T08:56:53","modified_gmt":"2017-03-20T08:56:53","slug":"ponentes-cicap-2015","status":"publish","type":"page","link":"https:\/\/cicap.umh.es\/en\/ponentes-cicap-2015\/","title":{"rendered":"PONENTES CICAP 2015"},"content":{"rendered":"[vc_row][vc_column][vc_column_text]<strong><a href=\"http:\/\/cicapumh.edu.umh.es\/files\/2015\/10\/Gustavo-Palacios-1.jpg\"><img loading=\"lazy\" class=\"alignnone size-full wp-image-4082\" src=\"http:\/\/cicapumh.edu.umh.es\/files\/2015\/10\/Gustavo-Palacios-1.jpg\" alt=\"Gustavo Palacios\" width=\"162\" height=\"162\" srcset=\"https:\/\/cicap.umh.es\/files\/2015\/10\/Gustavo-Palacios-1.jpg 162w, https:\/\/cicap.umh.es\/files\/2015\/10\/Gustavo-Palacios-1-150x150.jpg 150w\" sizes=\"(max-width: 162px) 100vw, 162px\" \/><\/a><\/strong><\/p>\n<p><strong>Gustavo Palacios<\/strong> Periodista, guionista y dramaturgo. Trabaja como guionista en la serie <em>G\u00e9minis<\/em> (TVE) producida por Teleficci\u00f3n. Participa como autor de los textos de &#8220;Fuga playera&#8221; y <em>Casting, un pretexto lorquiano<\/em> en Casa de Am\u00e9rica. Coautor junto a Jorge S\u00e1nchez de la obra <em>Nadar abraza<\/em>, que se representa en el Festival de Escena Contempor\u00e1nea de Madrid y en el Festival Iberoamericano de Teatro de C\u00e1diz. Adapta las obras &#8220;Yvonne, princesa de Borgo\u00f1a&#8221; de Witold Gombrowicz y <em>La noche de la iguana<\/em> de Tennessee Williams. Sobre improvisaciones escribe las obras <em>Ultramarinos<\/em> y <em>Petmasters<\/em>.<br \/>\nEn el terreno audiovisual escribe el guion, produce y dirige en Estambul con actores turcos y espa\u00f1oles la serie para web &#8220;IINVISIBLES&#8221; y en Madrid el piloto de comedia &#8220;Nico y yo&#8221;. Dirige y escribe mediometrajes como &#8220;Sangre de horchata&#8221;, &#8220;Noche de ronda&#8221; y &#8220;Un punto de infinita densidad&#8221;. Dirige y escribe el corto de terror &#8220;Anticl\u00edmax&#8221;. Trabaja bajo la direcci\u00f3n de Eduardo Milewicz como coach de actores para la serie de TVE &#8220;El porvenir es largo&#8221;.<br \/>\nSe ha formado con Jos\u00e9 Sanch\u00eds Sinisterra, Mauricio Kartun, Jos\u00e9 Luis Alonso de Santos, Hugo Urquijo, Jer\u00f3nimo L\u00f3pez Mozo, Eduardo Pavlovsky, Bernardo Cappa, Borja Ortiz de Gondra, Alfredo Sanzol, Marco Antonio de la Parra y el escritor y guionista Juan Madrid.[\/vc_column_text][vc_column_text]<div class=\"space\" style=\"height:10px;\"><\/div>[\/vc_column_text][vc_separator][vc_column_text]<a href=\"http:\/\/cicap.umh.es\/files\/2015\/10\/Mar\u00eda-Cervera-1.jpg\"><img loading=\"lazy\" class=\"alignnone wp-image-4084\" src=\"http:\/\/cicap.umh.es\/files\/2015\/10\/Mar\u00eda-Cervera-1-182x300.jpg\" alt=\"\" width=\"162\" height=\"267\" srcset=\"https:\/\/cicap.umh.es\/files\/2015\/10\/Mar\u00eda-Cervera-1-182x300.jpg 182w, https:\/\/cicap.umh.es\/files\/2015\/10\/Mar\u00eda-Cervera-1-620x1024.jpg 620w, https:\/\/cicap.umh.es\/files\/2015\/10\/Mar\u00eda-Cervera-1.jpg 648w\" sizes=\"(max-width: 162px) 100vw, 162px\" \/><\/a><\/p>\n<p><strong>Mar\u00eda Cervera<\/strong>\u00a0es licenciada en Comunicaci\u00f3n Audiovisual por la universidad de Valencia y tiene un Master en Producci\u00f3n de Cine y Televisi\u00f3n por la UCLA donde adem\u00e1s ha sido investigadora y profesora asistente. Actualmente es responsable de desarrollo e internacional en la productora de cine y TV Plano a Plano. Mar\u00eda compagina esta labor con la consultor\u00eda independiente de guiones y novelas para diferentes entidades, entre las que destacan la Comisi\u00f3n Europea (Programa MEDIA\/Europa Creativa) y la editorial Penguin Random House.[\/vc_column_text][vc_column_text]<div class=\"space\" style=\"height:10px;\"><\/div>[\/vc_column_text][vc_separator][vc_column_text]<a href=\"http:\/\/cicap.umh.es\/files\/2015\/10\/Miriam-Lagoa-1.jpg\"><img loading=\"lazy\" class=\"alignnone wp-image-4087\" src=\"http:\/\/cicap.umh.es\/files\/2015\/10\/Miriam-Lagoa-1.jpg\" alt=\"\" width=\"162\" height=\"162\" srcset=\"https:\/\/cicap.umh.es\/files\/2015\/10\/Miriam-Lagoa-1.jpg 250w, https:\/\/cicap.umh.es\/files\/2015\/10\/Miriam-Lagoa-1-150x150.jpg 150w\" sizes=\"(max-width: 162px) 100vw, 162px\" \/><\/a><\/p>\n<p><strong>Miriam Lagoa<\/strong>\u00a0es licenciada en Comunicaci\u00f3n Audiovisual por la universidad de Navarra. Actualmente trabaja en el Departamento de Comunicaci\u00f3n de Moviestar+. Ha sido redactora de El Mundo y En El Pa\u00eds ha\u00a0desarrollado funciones en Mesa digital. \u00daltima hora y coberturas especiales.\u00a0Coordinadora de especiales: Bazar tecnol\u00f3gico, Especial de Loter\u00eda, Resumen del a\u00f1o.\u00a0Coordinadora y redactora de la secci\u00f3n de Cultura- Televisi\u00f3n. Art\u00edculos<br \/>\nCoordinadora, editora y redactora del blog de series \u2018Quinta temporada\u2019.\u00a0Responsable en redes sociales del blog de series \u2018Quinta temporada\u2019 Twitter y Facebook.[\/vc_column_text][vc_column_text]<div class=\"space\" style=\"height:10px;\"><\/div>[\/vc_column_text][vc_separator][vc_column_text]<a href=\"http:\/\/cicap.umh.es\/files\/2015\/10\/Tom\u00e1s-Ros\u00f3n-1.jpg\"><img loading=\"lazy\" class=\"alignnone wp-image-4092\" src=\"http:\/\/cicap.umh.es\/files\/2015\/10\/Tom\u00e1s-Ros\u00f3n-1-300x300.jpg\" alt=\"\" width=\"162\" height=\"162\" srcset=\"https:\/\/cicap.umh.es\/files\/2015\/10\/Tom\u00e1s-Ros\u00f3n-1-300x300.jpg 300w, https:\/\/cicap.umh.es\/files\/2015\/10\/Tom\u00e1s-Ros\u00f3n-1-150x150.jpg 150w, https:\/\/cicap.umh.es\/files\/2015\/10\/Tom\u00e1s-Ros\u00f3n-1.jpg 450w\" sizes=\"(max-width: 162px) 100vw, 162px\" \/><\/a><\/p>\n<p><strong>Rom\u00e1s Ros\u00f3n <\/strong>es\u00a0abogado socio fundador de Gravina Abogados.\u00a0Profesor en el Master de Econom\u00eda Digital e Industrias Creativas, en la Escuela de Organizaci\u00f3n Industrial (Madrid).\u00a0Profesor en Escuela de Cine de la Comunidad de Madrid ECAM, ense\u00f1ando los derechos de propiedad intelectual implicados en la producci\u00f3n audiovisual a alumnos de producci\u00f3n, direcci\u00f3n y guion. Igualmente es profesor en el master de Escritura de Guion en la Universidad Carlos III de Madrid, tratando la misma tem\u00e1tica sobre derechos de propiedad intelectual.[\/vc_column_text][vc_column_text]<div class=\"space\" style=\"height:10px;\"><\/div>[\/vc_column_text][vc_separator][vc_column_text]<a href=\"http:\/\/cicapumh.edu.umh.es\/files\/2015\/10\/Meritxell-Closa-1.jpg\"><img loading=\"lazy\" class=\"alignnone size-full wp-image-4093\" src=\"http:\/\/cicapumh.edu.umh.es\/files\/2015\/10\/Meritxell-Closa-1.jpg\" alt=\"Meritxell Closa\" width=\"173\" height=\"232\" \/><\/a><\/p>\n<p><strong>Meritxell Closa <\/strong>es abogada especialista en Propiedad Intelectual. Directora de la Asesor\u00eda Jur\u00eddica de DAMA (Derechos de Autor de Medios Audiovisuales), Entidad de Gesti\u00f3n especializada en la recaudaci\u00f3n, gesti\u00f3n y reparto de los derechos de autor de obras audiovisuales y cinematogr\u00e1ficas.\u00a0Anteriormente estuvo a cargo del Departamento Jur\u00eddico de la productora y distribuidora de animaci\u00f3n BRB Internacional S.A., conocida por series de animaci\u00f3n como &#8220;D&#8217;Artac\u00e1n&#8221;, &#8220;David el Gnomo&#8221;, &#8220;La vuelta al mundo de Willy Fog&#8221; o &#8220;Invizimals&#8221;, entre otras. Igualmente, tambi\u00e9n prest\u00f3 sus servicios como Business &amp; Legal Affairs en Sony Music Entertainment, as\u00ed como en diferentes despachos de abogados. M\u00e1ster en Pr\u00e1ctica Jur\u00eddica por el Centro de Estudios e Investigaciones Jur\u00eddicas; M\u00e1ster en Propiedad Intelectual, Industrial y Nuevas Tecnolog\u00edas por la Universidad Aut\u00f3noma de Madrid; \u00a0Postgrado en Criminal\u00edstica y Licenciatura en Derecho por la Universidad Aut\u00f3noma de Barcelona[\/vc_column_text][vc_column_text]<div class=\"space\" style=\"height:10px;\"><\/div>[\/vc_column_text][vc_separator][vc_column_text]<a href=\"http:\/\/cicapumh.edu.umh.es\/files\/2015\/10\/Concepci\u00f3n-Cascajosa-1.jpg\"><img loading=\"lazy\" class=\"alignnone wp-image-4099\" src=\"http:\/\/cicapumh.edu.umh.es\/files\/2015\/10\/Concepci\u00f3n-Cascajosa-1.jpg\" alt=\"Concepci\u00f3n Cascajosa\" width=\"121\" height=\"121\" \/><\/a><\/p>\n<p><strong>Concepci\u00f3n Cascajosa\u00a0<\/strong>es licenciada en Comunicaci\u00f3n Audiovisual por la Universidad de Sevilla (2001). Doctora en Comunicaci\u00f3n Audiovisual por la Universidad de Sevilla (2005). Profesora Titular en el Departamento de Periodismo y Comunicaci\u00f3n Audiovisual de la Universidad Carlos III de Madrid, al que se incorpor\u00f3 en 2006. Directora del M\u00e1ster de Guion de Cine y TV UC3M\/ALMA. Vicedecana del Doble Grado Periodismo \/ Comunicaci\u00f3n Audiovisual.\u00a0Entre sus publicaciones m\u00e1s destacadas escritas y coordinadas por ella sobre series de TV se encuentran:<br \/>\n<em>La caja lista: Televisi\u00f3n norteamericana de culto (editora),<\/em> Laertes, 2007.<br \/>\n<em>De la TV a Hollywood. Un repaso a las pel\u00edculas basadas en series<\/em>, Arkad\u00edn, 2006.<br \/>\n<em>Prime Time, las mejores series americanas<\/em>, Calamar, 2005.[\/vc_column_text][vc_column_text]<div class=\"space\" style=\"height:10px;\"><\/div>[\/vc_column_text][vc_separator][vc_column_text]<a href=\"http:\/\/cicapumh.edu.umh.es\/files\/2015\/10\/Isabel-V\u00e1zquez-peq-1.png\"><img loading=\"lazy\" class=\"alignnone wp-image-4102\" src=\"http:\/\/cicapumh.edu.umh.es\/files\/2015\/10\/Isabel-V\u00e1zquez-peq-1.png\" alt=\"Isabel V\u00e1zquez\" width=\"160\" height=\"242\" srcset=\"https:\/\/cicap.umh.es\/files\/2015\/10\/Isabel-V\u00e1zquez-peq-1.png 596w, https:\/\/cicap.umh.es\/files\/2015\/10\/Isabel-V\u00e1zquez-peq-1-199x300.png 199w\" sizes=\"(max-width: 160px) 100vw, 160px\" \/><\/a><\/p>\n<p><strong>Isabel V\u00e1zquez\u00a0<\/strong>es licenciada en Ciencias de la Informaci\u00f3n por la Universidad Complutense\u00a0de Madrid.\u00a0Es presentadora, guionista, directora, profesora y cr\u00edtica de cine y series.\u00a0Ha sido guionista y subdirectora de programas en The Walt Disney Company, Mediaset y Telemadrid y\u00a0supervisora de contenidos y programaci\u00f3n para\u00a0Fox International Channels.\u00a0\u00a0Actualmente escribe y dirige\u00a0<em>Escr\u00edbeme una serie<\/em> para Movistar+.[\/vc_column_text][vc_column_text]<div class=\"space\" style=\"height:10px;\"><\/div>[\/vc_column_text][vc_separator][vc_column_text]<a href=\"http:\/\/cicapumh.edu.umh.es\/files\/2015\/10\/Alberto-Rey-1.jpg\"><img loading=\"lazy\" class=\"alignnone wp-image-4104\" src=\"http:\/\/cicapumh.edu.umh.es\/files\/2015\/10\/Alberto-Rey-1.jpg\" alt=\"Alberto Rey\" width=\"166\" height=\"160\" srcset=\"https:\/\/cicap.umh.es\/files\/2015\/10\/Alberto-Rey-1.jpg 625w, https:\/\/cicap.umh.es\/files\/2015\/10\/Alberto-Rey-1-300x290.jpg 300w\" sizes=\"(max-width: 166px) 100vw, 166px\" \/><\/a><\/p>\n<p><strong>Alberto Rey\u00a0<\/strong>es, entre otras muchas cosas, experto en series de televisi\u00f3n. Es colaborador habitual de El Mundo y autor desde hace ya unos cuantos a\u00f1os\u00a0 del blog \u2018Asesino en Serie\u2019 de su edici\u00f3n online. Tambi\u00e9n colabora en medios como la cadena SER, RTVE, Esquire, GQ, Onda Cero o Canal Plus y con instituciones como la Universitat Pompeu i Fabra, o la Universidad Internacional de Calatunya. Desde hace a\u00f1os es miembro del jurado del Festival de Televisi\u00f3n de Vitoria.[\/vc_column_text][vc_column_text]<div class=\"space\" style=\"height:10px;\"><\/div>[\/vc_column_text][vc_separator][vc_column_text]<a href=\"http:\/\/cicapumh.edu.umh.es\/files\/2015\/10\/Maria-del-Mar-Grand\u00edo-1.jpeg\"><img loading=\"lazy\" class=\"alignnone wp-image-4107\" src=\"http:\/\/cicapumh.edu.umh.es\/files\/2015\/10\/Maria-del-Mar-Grand\u00edo-1.jpeg\" alt=\"Maria del Mar Grand\u00edo\" width=\"162\" height=\"162\" srcset=\"https:\/\/cicap.umh.es\/files\/2015\/10\/Maria-del-Mar-Grand\u00edo-1.jpeg 256w, https:\/\/cicap.umh.es\/files\/2015\/10\/Maria-del-Mar-Grand\u00edo-1-150x150.jpeg 150w\" sizes=\"(max-width: 162px) 100vw, 162px\" \/><\/a><br \/>\n<strong>Mar\u00eda del Mar Grand\u00edo\u00a0<\/strong>es Es licenciada en Comunicaci\u00f3n Audiovisual y Doctora en Comunicaci\u00f3n por la Universidad de Navarra.Premio Extraordinario de Doctorado 2006-2007 con una tesis doctoral sobre la serie televisiva Friends.Desde 2006, es profesora en el Departamento de Comunicaci\u00f3n de la Universidad Cat\u00f3lica de Murcia.<br \/>\nEs autora del libro <em>Audiencia, fen\u00f3meno fan y ficci\u00f3n televisiva<\/em> y colaboradora en las obras <em>La caja lista: Televisi\u00f3n norteamericana de culto<\/em> (Laertes, 2007), <em>Watching the Lord of the Rings<\/em>. <em>Tolkien\u2019s World Audiences<\/em> (Peter Lang, 2008), <em>Series de televisi\u00f3n<\/em> (Eiunsa, 2008) y <em>Creating, producing and selling TV shows<\/em>. <em>The case of the most important dramedies in Spain<\/em>.[\/vc_column_text][vc_column_text]<div class=\"space\" style=\"height:10px;\"><\/div>[\/vc_column_text][vc_separator][vc_column_text]<a href=\"http:\/\/cicapumh.edu.umh.es\/files\/2015\/10\/Crist\u00f3bal-Garrido-1.jpg\"><img loading=\"lazy\" class=\"alignnone wp-image-4109\" src=\"http:\/\/cicapumh.edu.umh.es\/files\/2015\/10\/Crist\u00f3bal-Garrido-1.jpg\" alt=\"Crist\u00f3bal Garrido\" width=\"235\" height=\"156\" srcset=\"https:\/\/cicap.umh.es\/files\/2015\/10\/Crist\u00f3bal-Garrido-1.jpg 1000w, https:\/\/cicap.umh.es\/files\/2015\/10\/Crist\u00f3bal-Garrido-1-300x199.jpg 300w\" sizes=\"(max-width: 235px) 100vw, 235px\" \/><\/a><br \/>\n<strong>Crist\u00f3bal Garrido <\/strong>es guionista de cine, televisi\u00f3n y web. En la actualidad es coordinador de gui\u00f3n de la serie<em>\u00a0Bajo Sospecha\u00a0<\/em>(A3), pero a\u00f1os antes comenz\u00f3 su carrera de guionista con el largometraje M\u00e1s de mil c\u00e1maras velan por tu seguridad. Desde entonces ha escrito series como\u00a0<em>Gran Reserva, Gran Hotel, Velvet\u00a0<\/em>y co-creado\u00a0<em>The Refugees\u00a0<\/em>para A3 y BBC worldwide. Como no s\u00f3lo de tele vive el espectador, cre\u00f3 junto a Felipe J. Luna la webserie\u00a0<em>Con pelos en la lengua<\/em>, que con 54 episodios y m\u00e1s de 40 millones de visionados la convierten en uno de los productos producidos exclusivamente para Internet con m\u00e1s \u00e9xito dentro y fuera de nuestras fronteras.<\/p>\n<p>En 2012 estren\u00f3 en cines\u00a0<em>Promoci\u00f3n Fantasma<\/em>, una comedia cuyos derechos de remake en USA fueron comprados por FOX y el a\u00f1o que viene estrenar\u00e1 la comedia\u00a0<em>Cuerpo de \u00c9lite<\/em>\u00a0escrita tambi\u00e9n junto a Adolfo Valor.[\/vc_column_text][\/vc_column][\/vc_row]\n","protected":false},"excerpt":{"rendered":"<p>[vc_row][vc_column][vc_column_text] Gustavo Palacios Periodista, guionista y dramaturgo. Trabaja como guionista en la serie G\u00e9minis (TVE) producida por Teleficci\u00f3n. Participa como autor de los textos de &#8220;Fuga playera&#8221; y Casting, un pretexto lorquiano en Casa de Am\u00e9rica. Coautor junto a Jorge S\u00e1nchez de la obra Nadar abraza, que se representa en el Festival de Escena Contempor\u00e1nea de Madrid y en el Festival Iberoamericano de Teatro de C\u00e1diz. Adapta las obras &#8220;Yvonne, princesa de Borgo\u00f1a&#8221; de Witold Gombrowicz y La noche de la iguana de Tennessee Williams. Sobre improvisaciones escribe las obras Ultramarinos y Petmasters. En el terreno audiovisual escribe el guion, [&hellip;]<\/p>\n","protected":false},"author":790,"featured_media":0,"parent":0,"menu_order":0,"comment_status":"closed","ping_status":"closed","template":"","meta":{"_links_to":"","_links_to_target":""},"_links":{"self":[{"href":"https:\/\/cicap.umh.es\/en\/wp-json\/wp\/v2\/pages\/4206"}],"collection":[{"href":"https:\/\/cicap.umh.es\/en\/wp-json\/wp\/v2\/pages"}],"about":[{"href":"https:\/\/cicap.umh.es\/en\/wp-json\/wp\/v2\/types\/page"}],"author":[{"embeddable":true,"href":"https:\/\/cicap.umh.es\/en\/wp-json\/wp\/v2\/users\/790"}],"replies":[{"embeddable":true,"href":"https:\/\/cicap.umh.es\/en\/wp-json\/wp\/v2\/comments?post=4206"}],"version-history":[{"count":0,"href":"https:\/\/cicap.umh.es\/en\/wp-json\/wp\/v2\/pages\/4206\/revisions"}],"wp:attachment":[{"href":"https:\/\/cicap.umh.es\/en\/wp-json\/wp\/v2\/media?parent=4206"}],"curies":[{"name":"wp","href":"https:\/\/api.w.org\/{rel}","templated":true}]}}