{"id":4208,"date":"2016-05-15T13:41:43","date_gmt":"2016-05-15T13:41:43","guid":{"rendered":"http:\/\/cicapumh.net\/?page_id=4208"},"modified":"2017-03-20T09:00:36","modified_gmt":"2017-03-20T09:00:36","slug":"programa-2015","status":"publish","type":"page","link":"https:\/\/cicap.umh.es\/en\/programa-2015\/","title":{"rendered":"PROGRAMA CICAP 2015"},"content":{"rendered":"[vc_row][vc_column][vc_column_text title=&#8221;Programa Completo en PDF&#8221;]Descargar:\u00a0<a href=\"http:\/\/cicapumh.edu.umh.es\/files\/2015\/06\/cicap3_triptico.compressed-1.pdf\">CICAP 2015 en PDF<\/a>[\/vc_column_text][vc_separator][vc_column_text]<div class=\"space\" style=\"height:50px;\"><\/div>[\/vc_column_text][\/vc_column][\/vc_row][vc_row][vc_column][vc_column_text title=&#8221;MI\u00c9RCOLES, 4 de noviembre de 2015&#8243;]<span style=\"text-decoration: underline;\">Sesi\u00f3n matinal en la sala de actos del edificio Quorum I<\/span><\/p>\n<p><strong>11:30 \u00a0 <\/strong>Se abre la recepci\u00f3n de asistentes.<\/p>\n<p><strong>12:00-14:00<\/strong> <strong>Presentaci\u00f3n de Comunicaciones<\/strong><br \/>\nMesa: La Teleserie Espa\u00f1ola<br \/>\nMesa: Industria Espa\u00f1ola y Animaci\u00f3n<\/p>\n<p><strong>14:00\u00a0\u00a0 <\/strong>Pausa comida<\/p>\n<p><span style=\"text-decoration: underline;\">Sesi\u00f3n vespertina en el Aula Magna del edificio Altabix<\/span><\/p>\n<p><strong>16:00 \u00a0Inauguraci\u00f3n oficial del Congreso <\/strong>(Sesi\u00f3n vespertina en el Aula Magna del edificio Altabix).<br \/>\nTatiana Sentamans, Vicerrectora de Cultura y Extensi\u00f3n Universitaria Universidad Miguel Hern\u00e1ndez de Elche.<br \/>\nBego\u00f1a Ivars, Coordinadora de la Titulaci\u00f3n de Comunicaci\u00f3n Audiovisual Universidad Miguel Hern\u00e1ndez de Elche.<br \/>\nCarlos Navas, co-director de CICAP 2015 <em>Las series de ficci\u00f3n en TV e Internet<\/em>.<\/p>\n<p><strong>16:15 \u00a0\u00a0<\/strong>Conferencia inaugural <strong>Ficci\u00f3n para la red en Europa<\/strong>.<br \/>\nGustavo Palacios, productor, director y guionista especializado en webseries <em>Invisibles<\/em> (2008-2013), <em>Mute<\/em> (2011) (Argentina).<br \/>\nPresenta Le\u00f3nidas Spinelli Universidad Miguel Hern\u00e1ndez de Elche.<\/p>\n<p><strong>17:30\u00a0\u00a0<\/strong>Pausa Caf\u00e9.<\/p>\n<p><strong>18:00\u00a0\u00a0<\/strong>Mesa redonda: <strong>Las series de Ficci\u00f3n en Espa\u00f1a: series, productoras y cadenas<\/strong>.<br \/>\nMar\u00eda\u00a0Cervera, Dir. Internacional en Plano a Plano.\u00a0<em>El Pr\u00edncipe<\/em>,\u00a0<em>All\u00ed abajo<\/em>. (Espa\u00f1a).<br \/>\nMiriam Lagoa, Movistar Series (Espa\u00f1a).<br \/>\nModera Carlos Navas, Universidad Miguel Hern\u00e1ndez de Elche (Espa\u00f1a).<\/p>\n<p><strong>19:30\u00a0\u00a0 <\/strong>Mesa redonda: <strong>Gesti\u00f3n colectiva y negociaci\u00f3n \u00a0privada de los derechos de autor<\/strong>.<br \/>\nTom\u00e1s Ros\u00f3n, Abogado fundador Gravina Asociados, asesor legal de la asociaci\u00f3n\u00a0ALMA de guionistas\u00a0(Espa\u00f1a).<br \/>\nMeritxell Closa, Directora Jur\u00eddica de la asociaci\u00f3n DAMA Derechos de Autor de Medios Audiovisuales,\u00a0DAMA (Espa\u00f1a).<br \/>\nModera Cristina L\u00f3pez S\u00e1nchez, Universidad Miguel Hern\u00e1ndez de Elche (Espa\u00f1a).<\/p>\n<p><strong>21:00\u00a0\u00a0 <\/strong>Cierre jornada.[\/vc_column_text][vc_column_text]<div class=\"space\" style=\"height:50px;\"><\/div>[\/vc_column_text][\/vc_column][\/vc_row][vc_row][vc_column][vc_column_text title=&#8221; JUEVES, 5 de noviembre de 2015&#8243;]<span style=\"text-decoration: underline;\">Sesi\u00f3n matinal en la sala de actos del edificio Quorum I<\/span><\/p>\n<p><strong>9:30-11:30 Presentaci\u00f3n de Comunicaciones<\/strong><br \/>\nMesa: Fen\u00f3meno Fan y Transmedialidad<br \/>\nMesa: Modelos y G\u00e9neros<\/p>\n<p><strong>11:30-14:00 \u00a0\u00a0Talleres<\/strong>*.<br \/>\nTaller 1: Isabel V\u00e1zquez: <strong>\u00bfC\u00f3mo se escribe una serie norteamericana?<\/strong>. Lugar: Aula 3 Inform\u00e1tica, Edif. Atzavares.<br \/>\nTaller 2: Mar\u00eda Cervera: <strong>C\u00f3mo presentar un proyecto audiovisual a las productoras. <\/strong>Lugar: Sala de Actos Edif. Quorum 1.<strong><br \/>\n<\/strong>Taller 3: Alberto Rey. <strong>Cr\u00edtica televisiva en internet<\/strong>. Aula 3, Edif. Atzavares.<\/p>\n<p><strong>14:00\u00a0\u00a0 <\/strong>Pausa comida.<\/p>\n<p><span style=\"text-decoration: underline;\">Sesi\u00f3n vespertina en el Aula Magna del edificio Altabix<\/span><\/p>\n<p><strong>16:00 \u00a0\u00a0<\/strong>Presentaci\u00f3n del\u00a0cortometraje<strong>\u00a066,7 <\/strong>(Rafa G. S\u00e1nchez y Guillermo L\u00f3pez, 2015).\u00a0Realizado por alumnos de la titulaci\u00f3n de Comunicaci\u00f3n Audiovisual.<\/p>\n<p><strong>16:15\u00a0 \u00a0<\/strong>Mesa redonda <strong>Las series norteamericanas.<\/strong><br \/>\nConchi Cascajosa Virino, Profesora Universidad Carlos III de Madrid. Coordinadora del libro: <em>La caja lista. Televisi\u00f3n norteamericana de culto<\/em>\u00a0(Espa\u00f1a).<br \/>\nIsabel V\u00e1zquez, Guionista, escritora y cr\u00edtica televisiva especializada en series de ficci\u00f3n\u00a0(Espa\u00f1a).<br \/>\nModera Antonio Sempere, Universidad Miguel Hern\u00e1ndez\u00a0(Espa\u00f1a).<strong><br \/>\n<\/strong><\/p>\n<p><strong>17:30\u00a0\u00a0 <\/strong>Pausa caf\u00e9.<\/p>\n<p><strong>18:00\u00a0\u00a0 <\/strong>Mesa redonda <strong>Las series de televisi\u00f3n y el fen\u00f3meno fan<\/strong>.<br \/>\nMar\u00eda del Mar Grand\u00edo P\u00e9rez, Profesora de la Universidad de Murcia. Investigadora\u00a0de audiencias en TV\u00a0y de la serie\u00a0<em>Friends <\/em>en Espa\u00f1a\u00a0(Espa\u00f1a).<br \/>\nAlberto Rey, cr\u00edtico televisivo especializado en\u00a0series, autor del blog Asesino en Serie en El Mundo.<br \/>\nModera Fernando Mir\u00f3, Decano de la Facultad de Ciencias Sociales y Jur\u00eddicas de Elche de la Universidad Miguel Hern\u00e1ndez de Elche\u00a0(Espa\u00f1a).<\/p>\n<p><strong>19:15 \u00a0 <\/strong>Una vida de serie.<strong>\u00a0Isabel V\u00e1zquez <\/strong>dialoga con<strong> Crist\u00f3bal Garrido, <\/strong>guionista.<strong>\u00a0<\/strong><\/p>\n<p><strong>20:45 \u00a0\u00a0<\/strong>Clausura Fernando Mir\u00f3,\u00a0Decano de la Facultad de Ciencias Sociales y Jur\u00eddicas de Elche de la Universidad Miguel Hern\u00e1ndez de Elche<em>.<\/em><\/p>\n<p>&nbsp;<\/p>\n<p>*Talleres: La asistencia a los talleres tiene l\u00edmite de\u00a0aforo.<br \/>\nUna vez haya formalizado\u00a0el pago,\u00a0podr\u00e1 inscribirse en un \u00fanico taller enviando un email a\u00a0<a href=\"mailto:info@cicapumh.net\" target=\"_blank\">info@cicapumh.net<\/a>. Deber\u00e1 indicar en el asunto &#8220;CICAP III. Asistencia\u00a0talleres&#8221;; y en el texto del email deber\u00e1 indicar su nombre completo, DNI y el taller al que desea asistir. Puede poner varios talleres orden\u00e1ndolos por preferencia. En el caso de que su primera opci\u00f3n\u00a0est\u00e9 completa, le inscribimos en la segunda.<br \/>\nConforme se reciban las solicitudes, se ir\u00e1n confirmando hasta alcanzar el l\u00edmite del aforo en todos los talleres.[\/vc_column_text][\/vc_column][\/vc_row][vc_row][vc_column][vc_separator][\/vc_column][\/vc_row]\n","protected":false},"excerpt":{"rendered":"<p>[vc_row][vc_column][vc_column_text title=&#8221;Programa Completo en PDF&#8221;]Descargar:\u00a0CICAP 2015 en PDF[\/vc_column_text][vc_separator][vc_column_text][\/vc_column_text][\/vc_column][\/vc_row][vc_row][vc_column][vc_column_text title=&#8221;MI\u00c9RCOLES, 4 de noviembre de 2015&#8243;]Sesi\u00f3n matinal en la sala de actos del edificio Quorum I 11:30 \u00a0 Se abre la recepci\u00f3n de asistentes. 12:00-14:00 Presentaci\u00f3n de Comunicaciones Mesa: La Teleserie Espa\u00f1ola Mesa: Industria Espa\u00f1ola y Animaci\u00f3n 14:00\u00a0\u00a0 Pausa comida Sesi\u00f3n vespertina en el Aula Magna del edificio Altabix 16:00 \u00a0Inauguraci\u00f3n oficial del Congreso (Sesi\u00f3n vespertina en el Aula Magna del edificio Altabix). Tatiana Sentamans, Vicerrectora de Cultura y Extensi\u00f3n Universitaria Universidad Miguel Hern\u00e1ndez de Elche. Bego\u00f1a Ivars, Coordinadora de la Titulaci\u00f3n de Comunicaci\u00f3n Audiovisual Universidad Miguel Hern\u00e1ndez de Elche. Carlos Navas, [&hellip;]<\/p>\n","protected":false},"author":790,"featured_media":0,"parent":0,"menu_order":0,"comment_status":"closed","ping_status":"closed","template":"","meta":{"_links_to":"","_links_to_target":""},"_links":{"self":[{"href":"https:\/\/cicap.umh.es\/en\/wp-json\/wp\/v2\/pages\/4208"}],"collection":[{"href":"https:\/\/cicap.umh.es\/en\/wp-json\/wp\/v2\/pages"}],"about":[{"href":"https:\/\/cicap.umh.es\/en\/wp-json\/wp\/v2\/types\/page"}],"author":[{"embeddable":true,"href":"https:\/\/cicap.umh.es\/en\/wp-json\/wp\/v2\/users\/790"}],"replies":[{"embeddable":true,"href":"https:\/\/cicap.umh.es\/en\/wp-json\/wp\/v2\/comments?post=4208"}],"version-history":[{"count":0,"href":"https:\/\/cicap.umh.es\/en\/wp-json\/wp\/v2\/pages\/4208\/revisions"}],"wp:attachment":[{"href":"https:\/\/cicap.umh.es\/en\/wp-json\/wp\/v2\/media?parent=4208"}],"curies":[{"name":"wp","href":"https:\/\/api.w.org\/{rel}","templated":true}]}}