{"id":4217,"date":"2016-05-15T13:44:20","date_gmt":"2016-05-15T13:44:20","guid":{"rendered":"http:\/\/cicapumh.net\/?page_id=4202"},"modified":"2017-03-20T18:17:12","modified_gmt":"2017-03-20T18:17:12","slug":"home-2","status":"publish","type":"page","link":"https:\/\/cicap.umh.es\/en\/home-2\/","title":{"rendered":"Home CICAP 2016"},"content":{"rendered":"[vc_row][vc_column][vc_empty_space height=&#8221;50px&#8221;][vc_column_text]\n[\/vc_column_text][\/vc_column][\/vc_row][vc_row padding_top=&#8221;70&#8243;][vc_column width=&#8221;1\/3&#8243;][vc_column_text]<div class=\"service service-one\"><div class=\"s_icon awesome\"><i class=\"fa-map-marker\"><\/i><\/div><div class=\"s_info\"><h3>Lugar<\/h3><a class=\"tbutton small\" href=\"http:\/\/cicap.umh.es\/como-llegar\/\"><span>M\u00e1s informaci\u00f3n<\/span><\/a><p>Aula Magna del edificio Altabix<\/p><\/div><\/div>[\/vc_column_text][\/vc_column][vc_column width=&#8221;1\/3&#8243;][vc_column_text]<div class=\"service service-one\"><div class=\"s_icon awesome\"><i class=\"fa-calendar\"><\/i><\/div><div class=\"s_info\"><h3>Fecha<\/h3><a class=\"tbutton small\" href=\"http:\/\/cicap.umh.es\/programa\/\"><span>M\u00e1s informaci\u00f3n<\/span><\/a><p>El congreso tendr\u00e1 lugar los d\u00edas 19 y 20 Octubre 2016<\/p><\/div><\/div>[\/vc_column_text][\/vc_column][vc_column width=&#8221;1\/3&#8243; css=&#8221;.vc_custom_1435263258998{margin-bottom: 1px !important;border-bottom-width: 1px !important;padding-bottom: 1px !important;}&#8221;][vc_column_text]<div class=\"service service-one\"><div class=\"s_icon awesome\"><i class=\"fa-pencil-square-o\"><\/i><\/div><div class=\"s_info\"><h3>Inscripci\u00f3n<\/h3><a class=\"tbutton small\" href=\"http:\/\/cicap.umh.es\/inscripcion\/\"><span>M\u00e1s informaci\u00f3n<\/span><\/a><p>Per\u00edodo de inscripci\u00f3n abierto.<br \/>\nHasta el 19 de Octubre de 2016<\/p>\n<p><\/p><\/div><\/div>[\/vc_column_text][\/vc_column][\/vc_row][vc_row row_bg=&#8221;grey&#8221; padding_top=&#8221;70px&#8221; padding_bottom=&#8221;70px&#8221; image_opacity=&#8221;1&#8243;][vc_column width=&#8221;1\/2&#8243;][vc_column_text title=&#8221;Congreso Internacional de Comunicaci\u00f3n Audiovisual y Publicidad, CICAP&#8221;]\n<p class=\"p1\">El <strong>Congreso Internacional de Comunicaci\u00f3n Audiovisual y Publicidad, CICAP<\/strong>, es un espacio de encuentro para fomentar la divulgaci\u00f3n, el debate y la investigaci\u00f3n sobre la cultura e industria audiovisual en su m\u00e1s amplio sentido. Re\u00fane los \u00e1mbitos acad\u00e9mico y profesional para ofrecer una mirada multidisciplinar y, al mismo tiempo, capaz de aportar perspectivas de futuro para los j\u00f3venes estudiantes y futuros profesionales.<\/p>\n<p>Este evento se ha venido celebrando peri\u00f3dicamente desde el a\u00f1o 2009 en la Universidad Miguel Hern\u00e1ndez de Elche. Tuvo su origen en 2009 con las I Jornadas de Comunicaci\u00f3n Audiovisual y Publicidad que tuvieron como\u00a0t\u00edtulo <span style=\"text-decoration: underline;\">Las Fuerzas Armadas del Estado y los Medios de Comunicaci\u00f3n;<\/span>\u00a0para convertirse posteriormente en el Congreso Internacional de Comunicaci\u00f3n Audiovisual y Publicidad, CICAP, que en sus dos primeras ediciones abord\u00f3 las tem\u00e1ticas <span style=\"text-decoration: underline;\">Internet y la informaci\u00f3n<\/span> (2010) y <span style=\"text-decoration: underline;\">Dise\u00f1o, creatividad e informaci\u00f3n<\/span> (2011).<span class=\"Apple-converted-space\">\u00a0 <\/span><br \/>\nEn su tercera edici\u00f3n del 2015, CICAP centr\u00f3 su tem\u00e1tica en <strong>Las series de ficci\u00f3n en Televisi\u00f3n e\u00a0Internet \u00a0<a href=\"http:\/\/cicap.umh.es\/programa-2015\/\" target=\"_blank\"><span style=\"text-decoration: underline;\">CICAP III 2015<\/span><\/a><\/strong>.<\/p>\n<p>En su cuarta edici\u00f3n,<strong> CICAP 2016<\/strong>\u00a0lleva por t\u00edtulo <strong>Estrategias de promoci\u00f3n y difusi\u00f3n del cortometraje<\/strong> focalizando su atenci\u00f3n en\u00a0el futuro y la promoci\u00f3n del cortometraje, convirti\u00e9ndose en uno de los principales foros para debatir con profesionales y expertos sobre estas cuestiones.[\/vc_column_text][\/vc_column][vc_column width=&#8221;1\/2&#8243;][vc_raw_html]JTNDYSUyMGNsYXNzJTNEJTIydHdpdHRlci10aW1lbGluZSUyMiUyMGhyZWYlM0QlMjJodHRwcyUzQSUyRiUyRnR3aXR0ZXIuY29tJTJGQ29uZ3Jlc29DSUNBUCUyMiUyMGRhdGEtd2lkZ2V0LWlkJTNEJTIyNjE3MzEyODE2Mjk1NDczMTUzJTIyJTNFVHdlZXRzJTIwcG9yJTIwZWwlMjAlNDBDb25ncmVzb0NJQ0FQLiUzQyUyRmElM0UlMEElM0NzY3JpcHQlM0UlMjFmdW5jdGlvbiUyOGQlMkNzJTJDaWQlMjklN0J2YXIlMjBqcyUyQ2ZqcyUzRGQuZ2V0RWxlbWVudHNCeVRhZ05hbWUlMjhzJTI5JTVCMCU1RCUyQ3AlM0QlMkYlNUVodHRwJTNBJTJGLnRlc3QlMjhkLmxvY2F0aW9uJTI5JTNGJTI3aHR0cCUyNyUzQSUyN2h0dHBzJTI3JTNCaWYlMjglMjFkLmdldEVsZW1lbnRCeUlkJTI4aWQlMjklMjklN0JqcyUzRGQuY3JlYXRlRWxlbWVudCUyOHMlMjklM0Jqcy5pZCUzRGlkJTNCanMuc3JjJTNEcCUyQiUyMiUzQSUyRiUyRnBsYXRmb3JtLnR3aXR0ZXIuY29tJTJGd2lkZ2V0cy5qcyUyMiUzQmZqcy5wYXJlbnROb2RlLmluc2VydEJlZm9yZSUyOGpzJTJDZmpzJTI5JTNCJTdEJTdEJTI4ZG9jdW1lbnQlMkMlMjJzY3JpcHQlMjIlMkMlMjJ0d2l0dGVyLXdqcyUyMiUyOSUzQiUzQyUyRnNjcmlwdCUzRQ==[\/vc_raw_html][\/vc_column][\/vc_row][vc_row][vc_column][vc_separator][vc_column_text title=&#8221;ORGANIZA&#8221;][\/vc_column_text][vc_empty_space height=&#8221;20px&#8221;][vc_single_image image=&#8221;4117&#8243; img_size=&#8221;500&#215;83&#8243;][vc_empty_space height=&#8221;50px&#8221;][\/vc_column][\/vc_row][vc_row][vc_column][vc_separator][vc_column_text title=&#8221;COLABORAN&#8221;]El congreso CICAP 2016 ha sido posible gracias a la colaboraci\u00f3n de\u00a0las siguientes instituciones y empresas[\/vc_column_text][vc_empty_space height=&#8221;50px&#8221;][vc_column_text]<a href=\"http:\/\/cicapumh.edu.umh.es\/files\/2014\/04\/Todos-logos-colaboran-1.jpg\"><img loading=\"lazy\" class=\"alignnone wp-image-4124\" src=\"http:\/\/cicapumh.edu.umh.es\/files\/2014\/04\/Todos-logos-colaboran-1.jpg\" alt=\"Todos logos colaboran\" width=\"478\" height=\"402\" \/><\/a><\/p>\n<h3><\/h3>\n[\/vc_column_text][vc_empty_space height=&#8221;80px&#8221;][\/vc_column][\/vc_row][vc_row][vc_column][vc_column_text title=&#8221;Empresas Colaboradoras&#8221;][\/vc_column_text][\/vc_column][\/vc_row][vc_row][vc_column width=&#8221;1\/2&#8243;][vc_column_text]\n<h3>\u00a0<a href=\"http:\/\/www.melia.com\/es\/hoteles\/espana\/elche\/tryp-ciudad-de-elche-hotel\/index.html?exactc=79373da339e09adbb0dc09c87dcda21f&amp;exkeyword=hotel%20tryp%20elche&amp;matchtype=p&amp;adposition=1t1&amp;subid=c_&amp;brand=1&amp;mkwid=sMW7CptRA_dc&amp;pcrid=100524907391&amp;pkw=hotel%20tryp%20elche&amp;pmt=p&amp;gclid=CPKcgOK83MwCFUa4Gwod3fEDiQ\" target=\"_blank\"><img loading=\"lazy\" class=\"alignnone\" src=\"http:\/\/cicapumh.edu.umh.es\/files\/2016\/05\/logoTRYPCiudadDeElche_CMYK.jpg\" alt=\"logo hotel tryp ciudad de Elche\" width=\"295\" height=\"161\" \/><\/a><\/h3>\n[\/vc_column_text][vc_empty_space height=&#8221;80px&#8221;][\/vc_column][vc_column width=&#8221;1\/2&#8243;][vc_column_text]<a href=\"http:\/\/www.photoalicante.com\/\" target=\"_blank\"><img loading=\"lazy\" class=\"alignnone wp-image-4324 size-full\" src=\"http:\/\/cicapumh.edu.umh.es\/files\/2016\/06\/PHOTOALICANTE.jpg\" alt=\"PHOTOALICANTE\" width=\"255\" height=\"57\" \/><\/a>[\/vc_column_text][vc_empty_space height=&#8221;80px&#8221;][vc_column_text]<a href=\"http:\/\/www.ibis.com\/es\/hotel-5236-ibis-alicante-elche\/index.shtml\" target=\"_blank\"><img loading=\"lazy\" class=\"alignnone wp-image-4325\" src=\"http:\/\/cicapumh.edu.umh.es\/files\/2016\/06\/ibislogo.png\" alt=\"ibislogo\" width=\"230\" height=\"102\" \/><\/a>[\/vc_column_text][\/vc_column][\/vc_row][vc_column width=&#8221;1\/3&#8243;][vc_column_inner][\/vc_column_inner][\/vc_column][vc_column width=&#8221;4&#8243;][\/vc_column]\n","protected":false},"excerpt":{"rendered":"<p>[vc_row][vc_column][vc_empty_space height=&#8221;50px&#8221;][vc_column_text] [\/vc_column_text][\/vc_column][\/vc_row][vc_row padding_top=&#8221;70&#8243;][vc_column width=&#8221;1\/3&#8243;][vc_column_text][\/vc_column_text][\/vc_column][vc_column width=&#8221;1\/3&#8243;][vc_column_text][\/vc_column_text][\/vc_column][vc_column width=&#8221;1\/3&#8243; css=&#8221;.vc_custom_1435263258998{margin-bottom: 1px !important;border-bottom-width: 1px !important;padding-bottom: 1px !important;}&#8221;][vc_column_text][\/vc_column_text][\/vc_column][\/vc_row][vc_row row_bg=&#8221;grey&#8221; padding_top=&#8221;70px&#8221; padding_bottom=&#8221;70px&#8221; image_opacity=&#8221;1&#8243;][vc_column width=&#8221;1\/2&#8243;][vc_column_text title=&#8221;Congreso Internacional de Comunicaci\u00f3n Audiovisual y Publicidad, CICAP&#8221;] El Congreso Internacional de Comunicaci\u00f3n Audiovisual y Publicidad, CICAP, es un espacio de encuentro para fomentar la divulgaci\u00f3n, el debate y la investigaci\u00f3n sobre la cultura e industria audiovisual en su m\u00e1s amplio sentido. Re\u00fane los \u00e1mbitos acad\u00e9mico y profesional para ofrecer una mirada multidisciplinar y, al mismo tiempo, capaz de aportar perspectivas de futuro para los j\u00f3venes estudiantes y futuros profesionales. Este evento se ha venido celebrando peri\u00f3dicamente desde el a\u00f1o 2009 [&hellip;]<\/p>\n","protected":false},"author":790,"featured_media":0,"parent":0,"menu_order":0,"comment_status":"closed","ping_status":"closed","template":"sample-template-header4.php","meta":{"_links_to":"","_links_to_target":""},"_links":{"self":[{"href":"https:\/\/cicap.umh.es\/en\/wp-json\/wp\/v2\/pages\/4217"}],"collection":[{"href":"https:\/\/cicap.umh.es\/en\/wp-json\/wp\/v2\/pages"}],"about":[{"href":"https:\/\/cicap.umh.es\/en\/wp-json\/wp\/v2\/types\/page"}],"author":[{"embeddable":true,"href":"https:\/\/cicap.umh.es\/en\/wp-json\/wp\/v2\/users\/790"}],"replies":[{"embeddable":true,"href":"https:\/\/cicap.umh.es\/en\/wp-json\/wp\/v2\/comments?post=4217"}],"version-history":[{"count":0,"href":"https:\/\/cicap.umh.es\/en\/wp-json\/wp\/v2\/pages\/4217\/revisions"}],"wp:attachment":[{"href":"https:\/\/cicap.umh.es\/en\/wp-json\/wp\/v2\/media?parent=4217"}],"curies":[{"name":"wp","href":"https:\/\/api.w.org\/{rel}","templated":true}]}}