{"id":4487,"date":"2016-10-18T18:46:02","date_gmt":"2016-10-18T18:46:02","guid":{"rendered":"http:\/\/cicapumh.net\/programa-copy\/"},"modified":"2016-10-18T18:46:02","modified_gmt":"2016-10-18T18:46:02","slug":"comunicaciones","status":"publish","type":"page","link":"https:\/\/cicap.umh.es\/en\/comunicaciones\/","title":{"rendered":"PLANIFICACI\u00d3N COMUNICACIONES CICAP 2016"},"content":{"rendered":"[vc_row][vc_column][vc_separator][vc_column_text]<div class=\"space\" style=\"height:50px;\"><\/div>[\/vc_column_text][\/vc_column][\/vc_row][vc_row][vc_column][vc_column_text title=&#8221;HORARIO PRESENTACI\u00d3N DE COMUNICACIONES &#8220;]<strong>Mi\u00e9rcoles 19. Exposiciones de 10.30 a 11.30 horas. Aula 1.5. del edificio Altabix. <\/strong>(cambia el horario en lugar de iniciarse a las 9.30 horas).<\/p>\n<p>&nbsp;<\/p>\n<p><u>Orden de intervenci\u00f3n<\/u><\/p>\n<p>&nbsp;<\/p>\n<p>Mesa 1: Historia y actualidad del cortometraje<\/p>\n<p><strong>10.30 horas. Estrategias narrativas y est\u00e9ticas en el paso del cortometraje al largometraje: an\u00e1lisis del caso de paula ortiz<\/strong><\/p>\n<p>Joseba Bonaut; Ignacio Lasierra Pinto<\/p>\n<p>&nbsp;<\/p>\n<p>Mesa 2: G\u00e9neros propios del cortometraje<\/p>\n<p><strong>10.45 horas. El cortometraje de ficci\u00f3n espa\u00f1ol como herramienta de representaci\u00f3n de las adicciones sociales: <em>Expr\u00e9s<\/em> <\/strong><\/p>\n<p>Ana Isabel Cea Navas; Mercedes Miguel Borr\u00e1s<\/p>\n<p>&nbsp;<\/p>\n<p><strong>11.00 horas. La violencia de g\u00e9nero representada a trav\u00e9s del relato breve: spot narrativo y cortometraje <\/strong><\/p>\n<p>Teresa Gema Mart\u00edn Casado;\u00a0 Ana Isabel Cea Navas<\/p>\n<p>&nbsp;<\/p>\n<p><strong>Jueves 20. Exposiciones de 9.30 a 11.30 horas. Aula 1.5. del edificio Altabix<\/strong><\/p>\n<p>&nbsp;<\/p>\n<p><u>Orden de intervenci\u00f3n<\/u><\/p>\n<p>&nbsp;<\/p>\n<p>Mesa 3: Modelos innovadores para la difusi\u00f3n y promoci\u00f3n del audiovisual<\/p>\n<p><strong>9.30 horas. Cine interactivo<\/strong><\/p>\n<p>Miguel Herrero Herrero<\/p>\n<p><em>\u00a0<\/em><\/p>\n<p><strong>9.45 horas. El uso del cortometraje como estrategia de branded content<\/strong><\/p>\n<p>Maria Dolores Lor\u00e1n<\/p>\n<p>&nbsp;<\/p>\n<p><strong>10.00 horas. \u201cDiversitat en curt\u201d. Concienciaci\u00f3n y sensibilizaci\u00f3n social sobre la diversidad sexual a trav\u00e9s del cortometraje<\/strong><\/p>\n<p>Jes\u00fas Segarra-Saavedra; Tatiana Hidalgo-Mar\u00ed; Cande S\u00e1nchez-Olmos<\/p>\n<p>&nbsp;<\/p>\n<p><strong>10.15 horas. Identificaci\u00f3n de los elementos clave para conseguir el \u00e9xito en una campa\u00f1a de Crowdfunding<\/strong><\/p>\n<p>Zahaira Fabiola Gonz\u00e1lez Romo; Juan \u00c1ngel Conca<\/p>\n<p>&nbsp;<\/p>\n<p>Mesa 4: Los festivales de cine de cortometrajes<\/p>\n<p>&nbsp;<\/p>\n<p><strong>10.30 horas. La semana de cine de medina del campo, su implicaci\u00f3n social y cultural<\/strong><\/p>\n<p>Ana Isabel Cea Navas<\/p>\n<p>&nbsp;<\/p>\n<p><strong>10.45 horas. La aportaci\u00f3n cultural de los festivales de cine: <em>Mostra Internacional de Cinema Educatiu <\/em>(MICE) como caso de estudio<\/strong><\/p>\n<p>Josep Arbiol; Javier Arteseros Valenzuela[\/vc_column_text][vc_column_text]<div class=\"space\" style=\"height:50px;\"><\/div>[\/vc_column_text][\/vc_column][\/vc_row][vc_row][vc_column][vc_column_text]<div class=\"space\" style=\"height:50px;\"><\/div>[\/vc_column_text][\/vc_column][\/vc_row]\n","protected":false},"excerpt":{"rendered":"<p>[vc_row][vc_column][vc_separator][vc_column_text][\/vc_column_text][\/vc_column][\/vc_row][vc_row][vc_column][vc_column_text title=&#8221;HORARIO PRESENTACI\u00d3N DE COMUNICACIONES &#8220;]Mi\u00e9rcoles 19. Exposiciones de 10.30 a 11.30 horas. Aula 1.5. del edificio Altabix. (cambia el horario en lugar de iniciarse a las 9.30 horas). &nbsp; Orden de intervenci\u00f3n &nbsp; Mesa 1: Historia y actualidad del cortometraje 10.30 horas. Estrategias narrativas y est\u00e9ticas en el paso del cortometraje al largometraje: an\u00e1lisis del caso de paula ortiz Joseba Bonaut; Ignacio Lasierra Pinto &nbsp; Mesa 2: G\u00e9neros propios del cortometraje 10.45 horas. El cortometraje de ficci\u00f3n espa\u00f1ol como herramienta de representaci\u00f3n de las adicciones sociales: Expr\u00e9s Ana Isabel Cea Navas; Mercedes Miguel Borr\u00e1s &nbsp; 11.00 horas. La violencia [&hellip;]<\/p>\n","protected":false},"author":790,"featured_media":0,"parent":0,"menu_order":0,"comment_status":"closed","ping_status":"closed","template":"","meta":{"_links_to":"","_links_to_target":""},"_links":{"self":[{"href":"https:\/\/cicap.umh.es\/en\/wp-json\/wp\/v2\/pages\/4487"}],"collection":[{"href":"https:\/\/cicap.umh.es\/en\/wp-json\/wp\/v2\/pages"}],"about":[{"href":"https:\/\/cicap.umh.es\/en\/wp-json\/wp\/v2\/types\/page"}],"author":[{"embeddable":true,"href":"https:\/\/cicap.umh.es\/en\/wp-json\/wp\/v2\/users\/790"}],"replies":[{"embeddable":true,"href":"https:\/\/cicap.umh.es\/en\/wp-json\/wp\/v2\/comments?post=4487"}],"version-history":[{"count":0,"href":"https:\/\/cicap.umh.es\/en\/wp-json\/wp\/v2\/pages\/4487\/revisions"}],"wp:attachment":[{"href":"https:\/\/cicap.umh.es\/en\/wp-json\/wp\/v2\/media?parent=4487"}],"curies":[{"name":"wp","href":"https:\/\/api.w.org\/{rel}","templated":true}]}}